{"id":140,"date":"2020-07-10T21:55:07","date_gmt":"2020-07-10T21:55:07","guid":{"rendered":"http:\/\/baredessa.com.ar\/web\/?page_id=140"},"modified":"2020-10-01T18:28:32","modified_gmt":"2020-10-01T18:28:32","slug":"inicio","status":"publish","type":"page","link":"http:\/\/baredessa.com.ar\/web\/","title":{"rendered":"Inicio"},"content":{"rendered":"<div id=\"pl-140\"  class=\"panel-layout\" ><div id=\"pg-140-0\"  class=\"panel-grid panel-no-style\" ><div id=\"pgc-140-0-0\"  class=\"panel-grid-cell\" ><div id=\"panel-140-0-0-0\" class=\"so-panel widget widget_themegrill_flash_slider tg-section tg-slider-widget panel-first-child panel-last-child\" data-index=\"0\" ><div class=\"tg-slider-widget slider-light slider-content-center slider-control-center full-width\">\n\t<div class=\"swiper-container\">\n\t\t<div class=\"swiper-wrapper\">\n\t\t\t\n\t\t\t\t\t<div class=\"swiper-slide\">\n\t\t\t\t\t\t<figure class=\"slider-image\" >\n\t\t\t\t\t\t\t<img width=\"1920\" height=\"700\"\t\t\t\t\t\t\t\t\tsrc=\"http:\/\/baredessa.com.ar\/web\/wp-content\/uploads\/2020\/08\/banner_1a.jpg\"\n\t\t\t\t\t\t\t\t\talt=\"\"\n\t\t\t\t\t\t\t\t\ttitle=\"\"\/>\n\t\t\t\t\t\t\t<div class=\"overlay\"><\/div>\n\t\t\t\t\t\t<\/figure>\n\t\t\t\t\t\t<div class=\"slider-content\">\n\t\t\t\t\t\t\t<div class=\"tg-container\">\n\t\t\t\t\t\t\t\t<div class=\"caption-title\"><\/div>\n\t\t\t\t\t\t\t\t<div class=\"caption-desc\"><\/div>\n\t\t\t\t\t\t\t\t\t\t\t\t\t\t\t<\/div>\n\t\t\t\t\t\t<\/div>\n\t\t\t\t\t<\/div>\n\n\t\t\t\t\n\t\t\t\t\t<div class=\"swiper-slide\">\n\t\t\t\t\t\t<figure class=\"slider-image\" >\n\t\t\t\t\t\t\t<img width=\"1920\" height=\"700\"\t\t\t\t\t\t\t\t\tsrc=\"http:\/\/baredessa.com.ar\/web\/wp-content\/uploads\/2020\/10\/banner_2c.jpg\"\n\t\t\t\t\t\t\t\t\talt=\"\"\n\t\t\t\t\t\t\t\t\ttitle=\"\"\/>\n\t\t\t\t\t\t\t<div class=\"overlay\"><\/div>\n\t\t\t\t\t\t<\/figure>\n\t\t\t\t\t\t<div class=\"slider-content\">\n\t\t\t\t\t\t\t<div class=\"tg-container\">\n\t\t\t\t\t\t\t\t<div class=\"caption-title\"><\/div>\n\t\t\t\t\t\t\t\t<div class=\"caption-desc\"><\/div>\n\t\t\t\t\t\t\t\t\t\t\t\t\t\t\t<\/div>\n\t\t\t\t\t\t<\/div>\n\t\t\t\t\t<\/div>\n\n\t\t\t\t\n\t\t\t\t\t<div class=\"swiper-slide\">\n\t\t\t\t\t\t<figure class=\"slider-image\" >\n\t\t\t\t\t\t\t<img width=\"1920\" height=\"700\"\t\t\t\t\t\t\t\t\tsrc=\"http:\/\/baredessa.com.ar\/web\/wp-content\/uploads\/2020\/08\/banner_3a.jpg\"\n\t\t\t\t\t\t\t\t\talt=\"\"\n\t\t\t\t\t\t\t\t\ttitle=\"\"\/>\n\t\t\t\t\t\t\t<div class=\"overlay\"><\/div>\n\t\t\t\t\t\t<\/figure>\n\t\t\t\t\t\t<div class=\"slider-content\">\n\t\t\t\t\t\t\t<div class=\"tg-container\">\n\t\t\t\t\t\t\t\t<div class=\"caption-title\"><\/div>\n\t\t\t\t\t\t\t\t<div class=\"caption-desc\"><\/div>\n\t\t\t\t\t\t\t\t\t\t\t\t\t\t\t<\/div>\n\t\t\t\t\t\t<\/div>\n\t\t\t\t\t<\/div>\n\n\t\t\t\t\n\t\t\t\t\t<div class=\"swiper-slide\">\n\t\t\t\t\t\t<figure class=\"slider-image\" >\n\t\t\t\t\t\t\t<img width=\"1920\" height=\"700\"\t\t\t\t\t\t\t\t\tsrc=\"http:\/\/baredessa.com.ar\/web\/wp-content\/uploads\/2020\/08\/banner_4a.jpg\"\n\t\t\t\t\t\t\t\t\talt=\"\"\n\t\t\t\t\t\t\t\t\ttitle=\"\"\/>\n\t\t\t\t\t\t\t<div class=\"overlay\"><\/div>\n\t\t\t\t\t\t<\/figure>\n\t\t\t\t\t\t<div class=\"slider-content\">\n\t\t\t\t\t\t\t<div class=\"tg-container\">\n\t\t\t\t\t\t\t\t<div class=\"caption-title\"><\/div>\n\t\t\t\t\t\t\t\t<div class=\"caption-desc\"><\/div>\n\t\t\t\t\t\t\t\t\t\t\t\t\t\t\t<\/div>\n\t\t\t\t\t\t<\/div>\n\t\t\t\t\t<\/div>\n\n\t\t\t\t\n\t\t\t\t\t<div class=\"swiper-slide\">\n\t\t\t\t\t\t<figure class=\"slider-image\" >\n\t\t\t\t\t\t\t<img width=\"1920\" height=\"700\"\t\t\t\t\t\t\t\t\tsrc=\"http:\/\/baredessa.com.ar\/web\/wp-content\/uploads\/2020\/08\/banner_5a.jpg\"\n\t\t\t\t\t\t\t\t\talt=\"\"\n\t\t\t\t\t\t\t\t\ttitle=\"\"\/>\n\t\t\t\t\t\t\t<div class=\"overlay\"><\/div>\n\t\t\t\t\t\t<\/figure>\n\t\t\t\t\t\t<div class=\"slider-content\">\n\t\t\t\t\t\t\t<div class=\"tg-container\">\n\t\t\t\t\t\t\t\t<div class=\"caption-title\"><\/div>\n\t\t\t\t\t\t\t\t<div class=\"caption-desc\"><\/div>\n\t\t\t\t\t\t\t\t\t\t\t\t\t\t\t<\/div>\n\t\t\t\t\t\t<\/div>\n\t\t\t\t\t<\/div>\n\n\t\t\t\t\t\t<\/div>\n\t\t<div class=\"swiper-pagination\"><\/div>\n\t\t<div class=\"slider-arrow\">\n\t\t\t<div class=\"swiper-button-next\"><\/div>\n\t\t\t<div class=\"swiper-button-prev\"><\/div>\n\t\t<\/div>\n\t<\/div>\n<\/div>\n<\/div><\/div><\/div><div id=\"pg-140-1\"  class=\"panel-grid panel-no-style\" ><div id=\"pgc-140-1-0\"  class=\"panel-grid-cell\" ><div id=\"panel-140-1-0-0\" class=\"so-panel widget widget_text panel-first-child\" data-index=\"1\" >\t\t\t<div class=\"textwidget\"><p>&nbsp;<\/p>\n<\/div>\n\t\t<\/div><div id=\"panel-140-1-0-1\" class=\"so-panel widget widget_themegrill_flash_heading tg-widget section-title-wrapper panel-last-child\" data-index=\"2\" >\t<h3 class=\"section-title\">Aplicaciones<\/h3>\n\t<div class=\"section-description\">De nuestros productos:<\/div>\n<\/div><\/div><\/div><div id=\"pg-140-2\"  class=\"panel-grid panel-no-style\" ><div id=\"pgc-140-2-0\"  class=\"panel-grid-cell\" ><div id=\"panel-140-2-0-0\" class=\"so-panel widget widget_text panel-first-child panel-last-child\" data-index=\"3\" >\t\t\t<div class=\"textwidget\"><div align=\"justify\"><span style=\"font-family: Helvetica;\"><span style=\"color: #606060;\">La bauxita es la materia prima esencial para la producci\u00f3n de una serie de productos especiales utilizados por\u00a0 las industrias de Oil &amp; Gas, Petroqu\u00edmica, Tratamiento de Superficies, Cer\u00e1micas, Refractarios, Fundici\u00f3n, Tratamientos de Aceites y Agroqu\u00edmicos.<br \/>\nEl \u00f3xido de aluminio electrofundido, en sus diversas variantes, es el producto esencial para la fabricaci\u00f3n de abrasivos, cer\u00e1micas, refractarios y utilizado tambi\u00e9n para arenados y tratamientos de superficie.<\/span><\/span><\/div>\n<div align=\"justify\"><span style=\"font-family: Helvetica;\"> &nbsp; <\/span><\/div>\n<div align=\"justify\"><span style=\"font-family: Helvetica;\"> &nbsp; <\/span><\/div>\n<\/div>\n\t\t<\/div><\/div><div id=\"pgc-140-2-1\"  class=\"panel-grid-cell\" ><div id=\"panel-140-2-1-0\" class=\"so-panel widget widget_themegrill_flash_image tg-widget tg-image-widget panel-first-child panel-last-child\" data-index=\"4\" ><div class=\"panel-widget-style panel-widget-style-for-140-2-1-0\" >\t<img decoding=\"async\" src=\"http:\/\/baredessa.com.ar\/web\/wp-content\/uploads\/2020\/07\/produtos.png\" \/>\n<\/div><\/div><\/div><\/div><div id=\"pg-140-3\"  class=\"panel-grid panel-no-style\" ><div id=\"pgc-140-3-0\"  class=\"panel-grid-cell\" ><div id=\"panel-140-3-0-0\" class=\"so-panel widget widget_text panel-first-child\" data-index=\"5\" >\t\t\t<div class=\"textwidget\"><p><strong>Fractura de pozos de petr\u00f3leo y gas<\/strong><\/p>\n<\/div>\n\t\t<\/div><div id=\"panel-140-3-0-1\" class=\"so-panel widget widget_themegrill_flash_image tg-widget tg-image-widget\" data-index=\"6\" >\t<img decoding=\"async\" src=\"http:\/\/baredessa.com.ar\/web\/wp-content\/uploads\/2020\/07\/aplicacao1_.jpg\" \/>\n<\/div><div id=\"panel-140-3-0-2\" class=\"so-panel widget widget_text panel-last-child\" data-index=\"7\" >\t\t\t<div class=\"textwidget\"><p>Agentes de s\u00f3sten cer\u00e1micos y arenas naturales para fracturas hidr\u00e1ulicas en pozos de petr\u00f3leo y gas.<\/p>\n<div align=\"justify\"><span style=\"font-family: Helvetica;\"> \u00a0 <\/span><\/div>\n<div align=\"justify\"><span style=\"font-family: Helvetica;\"> \u00a0 <\/span><\/div>\n<\/div>\n\t\t<\/div><\/div><div id=\"pgc-140-3-1\"  class=\"panel-grid-cell\" ><div id=\"panel-140-3-1-0\" class=\"so-panel widget widget_text panel-first-child\" data-index=\"8\" >\t\t\t<div class=\"textwidget\"><p><strong>Abrasivos<\/strong><\/p>\n<\/div>\n\t\t<\/div><div id=\"panel-140-3-1-1\" class=\"so-panel widget widget_themegrill_flash_image tg-widget tg-image-widget\" data-index=\"9\" >\t<img decoding=\"async\" src=\"http:\/\/baredessa.com.ar\/web\/wp-content\/uploads\/2020\/07\/aplicacao4_.jpg\" \/>\n<\/div><div id=\"panel-140-3-1-2\" class=\"so-panel widget widget_text panel-last-child\" data-index=\"10\" >\t\t\t<div class=\"textwidget\"><p>\u00d3xidos de aluminio y carburos para fabricaci\u00f3n de discos de corte, piedras, ruedas abrasivas, lijas y puntas montadas.<\/p>\n<div align=\"justify\"><span style=\"font-family: Helvetica;\"> &nbsp; <\/span><\/div>\n<div align=\"justify\"><span style=\"font-family: Helvetica;\"> &nbsp; <\/span><\/div>\n<\/div>\n\t\t<\/div><\/div><div id=\"pgc-140-3-2\"  class=\"panel-grid-cell\" ><div id=\"panel-140-3-2-0\" class=\"so-panel widget widget_text panel-first-child\" data-index=\"11\" >\t\t\t<div class=\"textwidget\"><p><strong>Cer\u00e1micas y refractarios<\/strong><\/p>\n<\/div>\n\t\t<\/div><div id=\"panel-140-3-2-1\" class=\"so-panel widget widget_themegrill_flash_image tg-widget tg-image-widget\" data-index=\"12\" >\t<img decoding=\"async\" src=\"http:\/\/baredessa.com.ar\/web\/wp-content\/uploads\/2020\/07\/aplicacao6_.jpg\" \/>\n<\/div><div id=\"panel-140-3-2-2\" class=\"so-panel widget widget_text panel-last-child\" data-index=\"13\" >\t\t\t<div class=\"textwidget\"><p>\u00d3xidos de aluminio, carburos y cementos aluminosos para cer\u00e1micas y refractarios.<\/p>\n<div align=\"justify\"><span style=\"font-family: Helvetica;\"> &nbsp; <\/span><\/div>\n<div align=\"justify\"><span style=\"font-family: Helvetica;\"> &nbsp; <\/span><\/div>\n<\/div>\n\t\t<\/div><\/div><\/div><div id=\"pg-140-4\"  class=\"panel-grid panel-no-style\" ><div id=\"pgc-140-4-0\"  class=\"panel-grid-cell\" ><div id=\"panel-140-4-0-0\" class=\"so-panel widget widget_text panel-first-child\" data-index=\"14\" >\t\t\t<div class=\"textwidget\"><p><strong>Tratamiento de superficies<br \/>\n<\/strong><\/p>\n<\/div>\n\t\t<\/div><div id=\"panel-140-4-0-1\" class=\"so-panel widget widget_themegrill_flash_image tg-widget tg-image-widget\" data-index=\"15\" >\t<img decoding=\"async\" src=\"http:\/\/baredessa.com.ar\/web\/wp-content\/uploads\/2020\/07\/aplicacao3_.jpg\" \/>\n<\/div><div id=\"panel-140-4-0-2\" class=\"so-panel widget widget_text panel-last-child\" data-index=\"16\" >\t\t\t<div class=\"textwidget\"><p>Granos esf\u00e9ricos y angulares de bauxita sinterizada y \u00f3xidos de aluminio usados en arenados y blasting.<\/p>\n<\/div>\n\t\t<\/div><\/div><div id=\"pgc-140-4-1\"  class=\"panel-grid-cell\" ><div id=\"panel-140-4-1-0\" class=\"so-panel widget widget_text panel-first-child\" data-index=\"17\" >\t\t\t<div class=\"textwidget\"><p><strong>Tratamiento de aceites<br \/>\n<\/strong><\/p>\n<\/div>\n\t\t<\/div><div id=\"panel-140-4-1-1\" class=\"so-panel widget widget_themegrill_flash_image tg-widget tg-image-widget\" data-index=\"18\" >\t<img decoding=\"async\" src=\"http:\/\/baredessa.com.ar\/web\/wp-content\/uploads\/2020\/07\/aplicacao2_.jpg\" \/>\n<\/div><div id=\"panel-140-4-1-2\" class=\"so-panel widget widget_text panel-last-child\" data-index=\"19\" >\t\t\t<div class=\"textwidget\"><p>La bauxita activada es usada como absorbente para tratamiento de aceites, aislantes, comestibles, biodiesel,\u00a0 parafinas y querosene de aviaci\u00f3n.<\/p>\n<\/div>\n\t\t<\/div><\/div><div id=\"pgc-140-4-2\"  class=\"panel-grid-cell\" ><div id=\"panel-140-4-2-0\" class=\"so-panel widget widget_text panel-first-child\" data-index=\"20\" >\t\t\t<div class=\"textwidget\"><p><strong>Fundici\u00f3n<br \/>\n<\/strong><\/p>\n<\/div>\n\t\t<\/div><div id=\"panel-140-4-2-1\" class=\"so-panel widget widget_themegrill_flash_image tg-widget tg-image-widget\" data-index=\"21\" >\t<img decoding=\"async\" src=\"http:\/\/baredessa.com.ar\/web\/wp-content\/uploads\/2020\/07\/aplicacao5_.jpg\" \/>\n<\/div><div id=\"panel-140-4-2-2\" class=\"so-panel widget widget_text panel-last-child\" data-index=\"22\" >\t\t\t<div class=\"textwidget\"><p>Arcilla sinterizada y arenas especiales a base de bauxita sinterizada para fundici\u00f3n de hierro, aluminio y acero.<\/p>\n<\/div>\n\t\t<\/div><\/div><\/div><\/div>","protected":false},"excerpt":{"rendered":"<p>&nbsp;<\/p>\n","protected":false},"author":2,"featured_media":0,"parent":0,"menu_order":0,"comment_status":"closed","ping_status":"closed","template":"","meta":{"footnotes":""},"class_list":["post-140","page","type-page","status-publish","hentry"],"_links":{"self":[{"href":"http:\/\/baredessa.com.ar\/web\/wp-json\/wp\/v2\/pages\/140","targetHints":{"allow":["GET"]}}],"collection":[{"href":"http:\/\/baredessa.com.ar\/web\/wp-json\/wp\/v2\/pages"}],"about":[{"href":"http:\/\/baredessa.com.ar\/web\/wp-json\/wp\/v2\/types\/page"}],"author":[{"embeddable":true,"href":"http:\/\/baredessa.com.ar\/web\/wp-json\/wp\/v2\/users\/2"}],"replies":[{"embeddable":true,"href":"http:\/\/baredessa.com.ar\/web\/wp-json\/wp\/v2\/comments?post=140"}],"version-history":[{"count":155,"href":"http:\/\/baredessa.com.ar\/web\/wp-json\/wp\/v2\/pages\/140\/revisions"}],"predecessor-version":[{"id":1970,"href":"http:\/\/baredessa.com.ar\/web\/wp-json\/wp\/v2\/pages\/140\/revisions\/1970"}],"wp:attachment":[{"href":"http:\/\/baredessa.com.ar\/web\/wp-json\/wp\/v2\/media?parent=140"}],"curies":[{"name":"wp","href":"https:\/\/api.w.org\/{rel}","templated":true}]}}