{"id":36,"date":"2020-07-10T13:46:20","date_gmt":"2020-07-10T13:46:20","guid":{"rendered":"http:\/\/baredessa.com.ar\/web\/?page_id=36"},"modified":"2020-08-24T21:56:32","modified_gmt":"2020-08-24T21:56:32","slug":"empresa","status":"publish","type":"page","link":"http:\/\/baredessa.com.ar\/web\/empresa\/","title":{"rendered":"Empresa"},"content":{"rendered":"<div id=\"pl-36\"  class=\"panel-layout\" ><div id=\"pg-36-0\"  class=\"panel-grid panel-no-style\" ><div id=\"pgc-36-0-0\"  class=\"panel-grid-cell\" ><div id=\"panel-36-0-0-0\" class=\"so-panel widget widget_text panel-first-child panel-last-child\" data-index=\"0\" >\t\t\t<div class=\"textwidget\"><p align=\"justify\"><strong>BAREDES S.A. <\/strong>es una empresa argentina de representaciones dedicada a la importaci\u00f3n de materias primas de calidad para las Industrias de Petr\u00f3leo y Gas, Abrasivos, Cer\u00e1micas, Refractarios, Tratamiento de Aceites, Fricci\u00f3n, Arenados y Tratamiento de Superficies.<br \/>\nEs misi\u00f3n de la empresa proveer de soluciones y servicios a nuestros clientes. Objetivo por el cual trabajamos con nuestro mayor esfuerzo.<\/p>\n<p align=\"justify\">Somos representantes del <strong>Grupo Curimbaba<\/strong> en la Argentina desde el a\u00f1o 1963, comercializando los productos de sus principales empresas: Minera\u00e7ao Curimbaba y Elfusa Geral de Eletrofusao Ltda.<\/p>\n<\/div>\n\t\t<\/div><\/div><\/div><div id=\"pg-36-1\"  class=\"panel-grid panel-no-style\" ><div id=\"pgc-36-1-0\"  class=\"panel-grid-cell\" ><div id=\"panel-36-1-0-0\" class=\"so-panel widget widget_text panel-first-child panel-last-child\" data-index=\"1\" >\t\t\t<div class=\"textwidget\"><p align=\"justify\">Comercializamos y distribuimos productos de otras compa\u00f1\u00edas internacionales como Carburos de Silicio de Saint Gobain de Brasil y Arenas Naturales de Incusa (Industrias del Cuarzo S.A.) de Espa\u00f1a.<\/p>\n<p align=\"justify\">Disponemos de un amplio y permanente<em><strong> <a title=\"Galer\u00eda de Im\u00e1genes\" href=\"http:\/\/baredessa.com.ar\/web\/logistica\/\">stock<\/a><\/strong><\/em>\u00a0 de mercader\u00edas el cual nos permite proveer satisfactoriamente a nuestros clientes.<\/p>\n<\/div>\n\t\t<\/div><\/div><\/div><div id=\"pg-36-2\"  class=\"panel-grid panel-no-style\" ><div id=\"pgc-36-2-0\"  class=\"panel-grid-cell\" ><div id=\"panel-36-2-0-0\" class=\"so-panel widget widget_themegrill_flash_image tg-widget tg-image-widget panel-first-child panel-last-child\" data-index=\"2\" >\t<a href=\"http:\/\/www.grupocurimbaba.com.br\/es\/home\"><img decoding=\"async\" src=\"http:\/\/baredessa.com.ar\/web\/wp-content\/uploads\/2020\/07\/logo_gcurimbaba_.jpg\" \/><\/a>\n<\/div><\/div><div id=\"pgc-36-2-1\"  class=\"panel-grid-cell\" ><div id=\"panel-36-2-1-0\" class=\"so-panel widget widget_themegrill_flash_image tg-widget tg-image-widget panel-first-child panel-last-child\" data-index=\"3\" >\t<a href=\"http:\/\/www.curimbaba.com.br\/es\/empresa\/historia\"><img decoding=\"async\" src=\"http:\/\/baredessa.com.ar\/web\/wp-content\/uploads\/2020\/07\/logo_mcurimbaba_.jpg\" \/><\/a>\n<\/div><\/div><div id=\"pgc-36-2-2\"  class=\"panel-grid-cell\" ><div id=\"panel-36-2-2-0\" class=\"so-panel widget widget_themegrill_flash_image tg-widget tg-image-widget panel-first-child panel-last-child\" data-index=\"4\" >\t<a href=\"http:\/\/www.elfusa.com.br\/es\/home\"><img decoding=\"async\" src=\"http:\/\/baredessa.com.ar\/web\/wp-content\/uploads\/2020\/07\/logo_elfusa_.jpg\" \/><\/a>\n<\/div><\/div><div id=\"pgc-36-2-3\"  class=\"panel-grid-cell\" ><div id=\"panel-36-2-3-0\" class=\"so-panel widget widget_themegrill_flash_image tg-widget tg-image-widget panel-first-child panel-last-child\" data-index=\"5\" >\t<a href=\"http:\/\/sintexminerals.com\/es\/home\"><img decoding=\"async\" src=\"http:\/\/baredessa.com.ar\/web\/wp-content\/uploads\/2020\/07\/logo_sintex_.jpg\" \/><\/a>\n<\/div><\/div><div id=\"pgc-36-2-4\"  class=\"panel-grid-cell\" ><div id=\"panel-36-2-4-0\" class=\"so-panel widget widget_themegrill_flash_image tg-widget tg-image-widget panel-first-child panel-last-child\" data-index=\"6\" >\t<a href=\"http:\/\/www.incusa.es\/index.php\/es\/\"><img decoding=\"async\" src=\"http:\/\/baredessa.com.ar\/web\/wp-content\/uploads\/2020\/07\/logo_incusa_.jpg\" \/><\/a>\n<\/div><\/div><\/div><div id=\"pg-36-3\"  class=\"panel-grid panel-has-style\" ><div class=\"siteorigin-panels-stretch panel-row-style panel-row-style-for-36-3\" data-stretch-type=\"full\" ><div id=\"pgc-36-3-0\"  class=\"panel-grid-cell\" ><div id=\"panel-36-3-0-0\" class=\"so-panel widget widget_text panel-first-child panel-last-child\" data-index=\"7\" >\t\t\t<div class=\"textwidget\"><p align=\"Justify\">De la estrecha relaci\u00f3n comercial existente entre <strong>BAREDES S.A. <\/strong>y el <strong>Grupo Curimbaba<\/strong>, nace Arquimia S.A., industria dedicada a la producci\u00f3n de Sulfato de Aluminio desde hace m\u00e1s de 30 a\u00f1os.<\/p>\n<\/div>\n\t\t<\/div><\/div><div id=\"pgc-36-3-1\"  class=\"panel-grid-cell\" ><div id=\"panel-36-3-1-0\" class=\"so-panel widget widget_themegrill_flash_image tg-widget tg-image-widget panel-first-child panel-last-child\" data-index=\"8\" >\t<a href=\"http:\/\/www.arquimiasa.com.ar\/\"><img decoding=\"async\" src=\"http:\/\/baredessa.com.ar\/web\/wp-content\/uploads\/2020\/07\/logo_arquimiasa_.jpg\" \/><\/a>\n<\/div><\/div><\/div><\/div><div id=\"pg-36-4\"  class=\"panel-grid panel-has-style\" ><div class=\"siteorigin-panels-stretch panel-row-style panel-row-style-for-36-4\" data-stretch-type=\"full\" ><div id=\"pgc-36-4-0\"  class=\"panel-grid-cell\" ><div id=\"panel-36-4-0-0\" class=\"so-panel widget widget_text panel-first-child panel-last-child\" data-index=\"9\" ><div class=\"panel-widget-style panel-widget-style-for-36-4-0-0\" >\t\t\t<div class=\"textwidget\"><p align=\"justify\">Contamos con dep\u00f3sitos ubicados estrat\u00e9gicamente seg\u00fan el trayecto y disposici\u00f3n final de los productos que son importados. Para ello contamos con dep\u00f3sitos en: Parque Industrial de Zarate (PLIZ), Parque Industrial de Pilar y Pilarica en la Provincia de Buenos Aires y en la terminal Ferroviar\u00eda del Ferrosur Roca en Colonia Valentina, Provincia de Neuqu\u00e9n.<\/p>\n<\/div>\n\t\t<\/div><\/div><\/div><\/div><\/div><\/div>","protected":false},"excerpt":{"rendered":"<p>BAREDES S.A. es una empresa argentina de representaciones dedicada a la importaci\u00f3n de materias primas de calidad para las Industrias [&hellip;]<\/p>\n","protected":false},"author":2,"featured_media":0,"parent":0,"menu_order":0,"comment_status":"closed","ping_status":"open","template":"","meta":{"footnotes":""},"class_list":["post-36","page","type-page","status-publish","hentry"],"_links":{"self":[{"href":"http:\/\/baredessa.com.ar\/web\/wp-json\/wp\/v2\/pages\/36","targetHints":{"allow":["GET"]}}],"collection":[{"href":"http:\/\/baredessa.com.ar\/web\/wp-json\/wp\/v2\/pages"}],"about":[{"href":"http:\/\/baredessa.com.ar\/web\/wp-json\/wp\/v2\/types\/page"}],"author":[{"embeddable":true,"href":"http:\/\/baredessa.com.ar\/web\/wp-json\/wp\/v2\/users\/2"}],"replies":[{"embeddable":true,"href":"http:\/\/baredessa.com.ar\/web\/wp-json\/wp\/v2\/comments?post=36"}],"version-history":[{"count":82,"href":"http:\/\/baredessa.com.ar\/web\/wp-json\/wp\/v2\/pages\/36\/revisions"}],"predecessor-version":[{"id":1562,"href":"http:\/\/baredessa.com.ar\/web\/wp-json\/wp\/v2\/pages\/36\/revisions\/1562"}],"wp:attachment":[{"href":"http:\/\/baredessa.com.ar\/web\/wp-json\/wp\/v2\/media?parent=36"}],"curies":[{"name":"wp","href":"https:\/\/api.w.org\/{rel}","templated":true}]}}