{"id":46,"date":"2020-07-10T13:57:45","date_gmt":"2020-07-10T13:57:45","guid":{"rendered":"http:\/\/baredessa.com.ar\/web\/?page_id=46"},"modified":"2020-08-22T23:48:40","modified_gmt":"2020-08-22T23:48:40","slug":"mercados","status":"publish","type":"page","link":"http:\/\/baredessa.com.ar\/web\/mercados\/","title":{"rendered":"Mercados"},"content":{"rendered":"<div id=\"pl-46\"  class=\"panel-layout\" ><div id=\"pg-46-0\"  class=\"panel-grid panel-no-style\" ><div id=\"pgc-46-0-0\"  class=\"panel-grid-cell\" ><div id=\"panel-46-0-0-0\" class=\"so-panel widget widget_themegrill_flash_service tg-widget tg-single-service panel-first-child panel-last-child\" data-index=\"0\" >\n<div class=\"tg-service-widget tg-service-layout-1\">\n\t<div class=\"service-wrapper\">\n\t\t<div class=\"service-icon-title-wrapper clearfix\">\n\t\t\t\t\t\t\t\t\t<figure class=\"service-image-wrap\"><img decoding=\"async\" src=\"http:\/\/baredessa.com.ar\/web\/wp-content\/uploads\/2020\/07\/mercado1_.jpg\" \/><\/figure>\n\t\t\t\t\t\t\t\t\t<h3 class=\"service-title-wrap\">\n\t\t\t\tMaterias Primas para Industrias\t\t\t\t\t\t\t<\/h3>\n\t\t\t\t\t<\/div>\n\t\t\t\t<div class=\"service-content-wrap\">Bauxitas sinterizadas especiales para las industrias de Oil &amp; Gas, Petroqu\u00edmica, Tratamiento de superficies, Cer\u00e1micas, Refractarios, Fundici\u00f3n, Tratamientos de aceites y Agroqu\u00edmicos.\n\n\u00d3xidos de aluminio como productos fundamentales para la fabricaci\u00f3n de abrasivos, cer\u00e1micas, refractarios, arenados y tratamientos de superficie.<\/div>\n\t\t\t\t\t<\/div>\n<\/div>\n<\/div><\/div><div id=\"pgc-46-0-1\"  class=\"panel-grid-cell\" ><div id=\"panel-46-0-1-0\" class=\"so-panel widget widget_themegrill_flash_service tg-widget tg-single-service panel-first-child panel-last-child\" data-index=\"1\" >\n<div class=\"tg-service-widget tg-service-layout-1\">\n\t<div class=\"service-wrapper\">\n\t\t<div class=\"service-icon-title-wrapper clearfix\">\n\t\t\t\t\t\t\t\t\t<figure class=\"service-image-wrap\"><img decoding=\"async\" src=\"http:\/\/baredessa.com.ar\/web\/wp-content\/uploads\/2020\/07\/mercado2.jpg\" \/><\/figure>\n\t\t\t\t\t\t\t\t\t<h3 class=\"service-title-wrap\">\n\t\t\t\tOil&amp;Gas\t\t\t\t\t\t\t<\/h3>\n\t\t\t\t\t<\/div>\n\t\t\t\t<div class=\"service-content-wrap\">Agentes de sost\u00e9n cer\u00e1micos y arenas naturales para fracturas hidr\u00e1ulicas.\nTolvas neum\u00e1ticas para la carga a granel de agentes de sost\u00e9n.<\/div>\n\t\t\t\t\t<\/div>\n<\/div>\n<\/div><\/div><div id=\"pgc-46-0-2\"  class=\"panel-grid-cell\" ><div id=\"panel-46-0-2-0\" class=\"so-panel widget widget_themegrill_flash_service tg-widget tg-single-service panel-first-child panel-last-child\" data-index=\"2\" >\n<div class=\"tg-service-widget tg-service-layout-1\">\n\t<div class=\"service-wrapper\">\n\t\t<div class=\"service-icon-title-wrapper clearfix\">\n\t\t\t\t\t\t\t\t\t<figure class=\"service-image-wrap\"><img decoding=\"async\" src=\"http:\/\/baredessa.com.ar\/web\/wp-content\/uploads\/2020\/08\/mercado4a_.jpg\" \/><\/figure>\n\t\t\t\t\t\t\t\t\t<h3 class=\"service-title-wrap\">\n\t\t\t\t\t\t\t\t<a href=\"http:\/\/baredessa.com.ar\/web\/logistica\/\">\n\t\t\t\tLog\u00edstica\t\t\t\t\t\t\t\t<\/a>\n\t\t\t\t\t\t\t<\/h3>\n\t\t\t\t\t<\/div>\n\t\t\t\t<div class=\"service-content-wrap\">Naves Industriales y Dep\u00f3sitos ubicados en el Parque Industrial Pilar, Pilarica y Parque Industrial de Zarate (PLIZ).<\/div>\n\t\t\t\t\t\t<a class=\"service-more\" href=\"http:\/\/baredessa.com.ar\/web\/logistica\/\">Galeria de Im\u00e1genes<\/a>\n\t\t\t<\/div>\n<\/div>\n<\/div><\/div><div id=\"pgc-46-0-3\"  class=\"panel-grid-cell\" ><div id=\"panel-46-0-3-0\" class=\"so-panel widget widget_themegrill_flash_service tg-widget tg-single-service panel-first-child panel-last-child\" data-index=\"3\" >\n<div class=\"tg-service-widget tg-service-layout-1\">\n\t<div class=\"service-wrapper\">\n\t\t<div class=\"service-icon-title-wrapper clearfix\">\n\t\t\t\t\t\t\t\t\t<figure class=\"service-image-wrap\"><img decoding=\"async\" src=\"http:\/\/baredessa.com.ar\/web\/wp-content\/uploads\/2020\/07\/mercado4.jpg\" \/><\/figure>\n\t\t\t\t\t\t\t\t\t<h3 class=\"service-title-wrap\">\n\t\t\t\tDesarrollos Inmobiliarios\t\t\t\t\t\t\t<\/h3>\n\t\t\t\t\t<\/div>\n\t\t\t\t<div class=\"service-content-wrap\">Diversos proyectos desarrollados con moderno dise\u00f1o y alta calidad.<\/div>\n\t\t\t\t\t<\/div>\n<\/div>\n<\/div><\/div><\/div><\/div>","protected":false},"excerpt":{"rendered":"<p>Materias Primas para Industrias Bauxitas sinterizadas especiales para las industrias de Oil &amp; Gas, Petroqu\u00edmica, Tratamiento de superficies, Cer\u00e1micas, Refractarios, [&hellip;]<\/p>\n","protected":false},"author":2,"featured_media":0,"parent":0,"menu_order":0,"comment_status":"closed","ping_status":"open","template":"","meta":{"footnotes":""},"class_list":["post-46","page","type-page","status-publish","hentry"],"_links":{"self":[{"href":"http:\/\/baredessa.com.ar\/web\/wp-json\/wp\/v2\/pages\/46","targetHints":{"allow":["GET"]}}],"collection":[{"href":"http:\/\/baredessa.com.ar\/web\/wp-json\/wp\/v2\/pages"}],"about":[{"href":"http:\/\/baredessa.com.ar\/web\/wp-json\/wp\/v2\/types\/page"}],"author":[{"embeddable":true,"href":"http:\/\/baredessa.com.ar\/web\/wp-json\/wp\/v2\/users\/2"}],"replies":[{"embeddable":true,"href":"http:\/\/baredessa.com.ar\/web\/wp-json\/wp\/v2\/comments?post=46"}],"version-history":[{"count":18,"href":"http:\/\/baredessa.com.ar\/web\/wp-json\/wp\/v2\/pages\/46\/revisions"}],"predecessor-version":[{"id":546,"href":"http:\/\/baredessa.com.ar\/web\/wp-json\/wp\/v2\/pages\/46\/revisions\/546"}],"wp:attachment":[{"href":"http:\/\/baredessa.com.ar\/web\/wp-json\/wp\/v2\/media?parent=46"}],"curies":[{"name":"wp","href":"https:\/\/api.w.org\/{rel}","templated":true}]}}