{"id":944,"date":"2020-07-30T15:30:19","date_gmt":"2020-07-30T15:30:19","guid":{"rendered":"http:\/\/baredessa.com.ar\/web\/?page_id=944"},"modified":"2025-11-03T14:49:56","modified_gmt":"2025-11-03T14:49:56","slug":"productos-2","status":"publish","type":"page","link":"http:\/\/baredessa.com.ar\/web\/productos-2\/","title":{"rendered":"Productos"},"content":{"rendered":"<div id=\"pl-944\"  class=\"panel-layout\" ><div id=\"pg-944-0\"  class=\"panel-grid panel-no-style\" ><div id=\"pgc-944-0-0\"  class=\"panel-grid-cell\" ><div id=\"panel-944-0-0-0\" class=\"so-panel widget widget_themegrill_flash_team tg-widget tg-single-team panel-first-child\" data-index=\"0\" ><div class=\"tg-team-widget tg-team-layout-1\">\n\t<div class=\"team-wrapper\">\n\t\t\t\t<div class=\"team-img\">\n\t\t\t\t\t\t<img decoding=\"async\" src=\"http:\/\/baredessa.com.ar\/web\/wp-content\/uploads\/2020\/07\/prod01.jpg\" alt=\"Agentes de sost\u00e9n\"\/>\n\t\t<\/div>\n\t\t\t\t<div class=\"team-content-wrapper\">\n\t\t\t<div class=\"team-desc-wrapper\">\n\t\t\t\t<h3 class=\"team-title\">Agentes de sost\u00e9n<\/h3>\n\t\t\t\t<div class=\"team-designation\">cer\u00e1micos<\/div>\n\t\t\t\t<div class=\"team-content\"><\/div>\n\t\t\t\t\t\t\t<\/div>\n\t\t<\/div>\n\t<\/div>\n<\/div>\n<\/div><div id=\"panel-944-0-0-1\" class=\"so-panel widget widget_text panel-last-child\" data-index=\"1\" >\t\t\t<div class=\"textwidget\"><p align=\"center\"><a href=\"http:\/\/baredessa.com.ar\/web\/productos#sosten\/\">+ Informaci\u00f3n<\/a><\/p>\n<\/div>\n\t\t<\/div><\/div><div id=\"pgc-944-0-1\"  class=\"panel-grid-cell\" ><div id=\"panel-944-0-1-0\" class=\"so-panel widget widget_themegrill_flash_team tg-widget tg-single-team panel-first-child\" data-index=\"2\" ><div class=\"tg-team-widget tg-team-layout-1\">\n\t<div class=\"team-wrapper\">\n\t\t\t\t<div class=\"team-img\">\n\t\t\t\t\t\t<img decoding=\"async\" src=\"http:\/\/baredessa.com.ar\/web\/wp-content\/uploads\/2020\/07\/prod08.jpg\" alt=\"\u00d3xidos de aluminio\"\/>\n\t\t<\/div>\n\t\t\t\t<div class=\"team-content-wrapper\">\n\t\t\t<div class=\"team-desc-wrapper\">\n\t\t\t\t<h3 class=\"team-title\">\u00d3xidos de aluminio<\/h3>\n\t\t\t\t<div class=\"team-designation\">electrofundidos<\/div>\n\t\t\t\t<div class=\"team-content\"><\/div>\n\t\t\t\t\t\t\t<\/div>\n\t\t<\/div>\n\t<\/div>\n<\/div>\n<\/div><div id=\"panel-944-0-1-1\" class=\"so-panel widget widget_text panel-last-child\" data-index=\"3\" >\t\t\t<div class=\"textwidget\"><p align=\"center\"><a href=\"http:\/\/baredessa.com.ar\/web\/productos#oxidos\">+ Informaci\u00f3n<\/a><\/p>\n<\/div>\n\t\t<\/div><\/div><div id=\"pgc-944-0-2\"  class=\"panel-grid-cell\" ><div id=\"panel-944-0-2-0\" class=\"so-panel widget widget_themegrill_flash_team tg-widget tg-single-team panel-first-child\" data-index=\"4\" ><div class=\"tg-team-widget tg-team-layout-1\">\n\t<div class=\"team-wrapper\">\n\t\t\t\t<div class=\"team-img\">\n\t\t\t\t\t\t<img decoding=\"async\" src=\"http:\/\/baredessa.com.ar\/web\/wp-content\/uploads\/2020\/07\/prod06.jpg\" alt=\"Bauxita\"\/>\n\t\t<\/div>\n\t\t\t\t<div class=\"team-content-wrapper\">\n\t\t\t<div class=\"team-desc-wrapper\">\n\t\t\t\t<h3 class=\"team-title\">Bauxita<\/h3>\n\t\t\t\t<div class=\"team-designation\">para cer\u00e1micos y refractarios<\/div>\n\t\t\t\t<div class=\"team-content\"><\/div>\n\t\t\t\t\t\t\t<\/div>\n\t\t<\/div>\n\t<\/div>\n<\/div>\n<\/div><div id=\"panel-944-0-2-1\" class=\"so-panel widget widget_text panel-last-child\" data-index=\"5\" >\t\t\t<div class=\"textwidget\"><p align=\"center\"><a href=\"http:\/\/baredessa.com.ar\/web\/productos#bauxitas\">+ Informaci\u00f3n<\/a><\/p>\n<\/div>\n\t\t<\/div><\/div><div id=\"pgc-944-0-3\"  class=\"panel-grid-cell\" ><div id=\"panel-944-0-3-0\" class=\"so-panel widget widget_themegrill_flash_team tg-widget tg-single-team panel-first-child\" data-index=\"6\" ><div class=\"tg-team-widget tg-team-layout-1\">\n\t<div class=\"team-wrapper\">\n\t\t\t\t<div class=\"team-img\">\n\t\t\t\t\t\t<img decoding=\"async\" src=\"http:\/\/baredessa.com.ar\/web\/wp-content\/uploads\/2020\/07\/prod04.jpg\" alt=\"Cementos\"\/>\n\t\t<\/div>\n\t\t\t\t<div class=\"team-content-wrapper\">\n\t\t\t<div class=\"team-desc-wrapper\">\n\t\t\t\t<h3 class=\"team-title\">Cementos<\/h3>\n\t\t\t\t<div class=\"team-designation\">aluminosos<\/div>\n\t\t\t\t<div class=\"team-content\"><\/div>\n\t\t\t\t\t\t\t<\/div>\n\t\t<\/div>\n\t<\/div>\n<\/div>\n<\/div><div id=\"panel-944-0-3-1\" class=\"so-panel widget widget_text panel-last-child\" data-index=\"7\" >\t\t\t<div class=\"textwidget\"><p align=\"center\"><a href=\"http:\/\/baredessa.com.ar\/web\/productos#cementos\">+ Informaci\u00f3n<\/a><\/p>\n<\/div>\n\t\t<\/div><\/div><\/div><div id=\"pg-944-1\"  class=\"panel-grid panel-no-style\" ><div id=\"pgc-944-1-0\"  class=\"panel-grid-cell\" ><div id=\"panel-944-1-0-0\" class=\"so-panel widget widget_themegrill_flash_team tg-widget tg-single-team panel-first-child\" data-index=\"8\" ><div class=\"tg-team-widget tg-team-layout-1\">\n\t<div class=\"team-wrapper\">\n\t\t\t\t<div class=\"team-img\">\n\t\t\t\t\t\t<img decoding=\"async\" src=\"http:\/\/baredessa.com.ar\/web\/wp-content\/uploads\/2020\/07\/prod07.jpg\" alt=\"Bauxita\"\/>\n\t\t<\/div>\n\t\t\t\t<div class=\"team-content-wrapper\">\n\t\t\t<div class=\"team-desc-wrapper\">\n\t\t\t\t<h3 class=\"team-title\">Bauxita<\/h3>\n\t\t\t\t<div class=\"team-designation\">termo activada<\/div>\n\t\t\t\t<div class=\"team-content\"><\/div>\n\t\t\t\t\t\t\t<\/div>\n\t\t<\/div>\n\t<\/div>\n<\/div>\n<\/div><div id=\"panel-944-1-0-1\" class=\"so-panel widget widget_text panel-last-child\" data-index=\"9\" >\t\t\t<div class=\"textwidget\"><p align=\"center\"><a href=\"http:\/\/baredessa.com.ar\/web\/productos#bauxita\">+ Informaci\u00f3n<\/a><\/p>\n<\/div>\n\t\t<\/div><\/div><div id=\"pgc-944-1-1\"  class=\"panel-grid-cell\" ><div id=\"panel-944-1-1-0\" class=\"so-panel widget widget_themegrill_flash_team tg-widget tg-single-team panel-first-child\" data-index=\"10\" ><div class=\"tg-team-widget tg-team-layout-1\">\n\t<div class=\"team-wrapper\">\n\t\t\t\t<div class=\"team-img\">\n\t\t\t\t\t\t<img decoding=\"async\" src=\"http:\/\/baredessa.com.ar\/web\/wp-content\/uploads\/2020\/07\/prod05.jpg\" alt=\"Granallas\"\/>\n\t\t<\/div>\n\t\t\t\t<div class=\"team-content-wrapper\">\n\t\t\t<div class=\"team-desc-wrapper\">\n\t\t\t\t<h3 class=\"team-title\">Granallas<\/h3>\n\t\t\t\t<div class=\"team-designation\">de bauxita<\/div>\n\t\t\t\t<div class=\"team-content\"><\/div>\n\t\t\t\t\t\t\t<\/div>\n\t\t<\/div>\n\t<\/div>\n<\/div>\n<\/div><div id=\"panel-944-1-1-1\" class=\"so-panel widget widget_text panel-last-child\" data-index=\"11\" >\t\t\t<div class=\"textwidget\"><p align=\"center\"><a href=\"http:\/\/baredessa.com.ar\/web\/productos#granallas\">+ Informaci\u00f3n<\/a><\/p>\n<\/div>\n\t\t<\/div><\/div><div id=\"pgc-944-1-2\"  class=\"panel-grid-cell panel-grid-cell-mobile-last\" ><div id=\"panel-944-1-2-0\" class=\"so-panel widget widget_themegrill_flash_team tg-widget tg-single-team panel-first-child\" data-index=\"12\" ><div class=\"tg-team-widget tg-team-layout-1\">\n\t<div class=\"team-wrapper\">\n\t\t\t\t<div class=\"team-img\">\n\t\t\t\t\t\t<img decoding=\"async\" src=\"http:\/\/baredessa.com.ar\/web\/wp-content\/uploads\/2020\/07\/prod03.jpg\" alt=\"Fundici\u00f3n\"\/>\n\t\t<\/div>\n\t\t\t\t<div class=\"team-content-wrapper\">\n\t\t\t<div class=\"team-desc-wrapper\">\n\t\t\t\t<h3 class=\"team-title\">Fundici\u00f3n<\/h3>\n\t\t\t\t<div class=\"team-designation\">Productos a base de bauxita<\/div>\n\t\t\t\t<div class=\"team-content\"><\/div>\n\t\t\t\t\t\t\t<\/div>\n\t\t<\/div>\n\t<\/div>\n<\/div>\n<\/div><div id=\"panel-944-1-2-1\" class=\"so-panel widget widget_text panel-last-child\" data-index=\"13\" >\t\t\t<div class=\"textwidget\"><p align=\"center\"><a href=\"http:\/\/baredessa.com.ar\/web\/productos#fundicion\">+ Informaci\u00f3n<\/a><\/p>\n<\/div>\n\t\t<\/div><\/div><div id=\"pgc-944-1-3\"  class=\"panel-grid-cell panel-grid-cell-empty\" ><\/div><\/div><\/div>","protected":false},"excerpt":{"rendered":"<p>+ Informaci\u00f3n + Informaci\u00f3n + Informaci\u00f3n + Informaci\u00f3n + Informaci\u00f3n + Informaci\u00f3n + Informaci\u00f3n<\/p>\n","protected":false},"author":2,"featured_media":0,"parent":0,"menu_order":0,"comment_status":"closed","ping_status":"closed","template":"","meta":{"footnotes":""},"class_list":["post-944","page","type-page","status-publish","hentry"],"_links":{"self":[{"href":"http:\/\/baredessa.com.ar\/web\/wp-json\/wp\/v2\/pages\/944","targetHints":{"allow":["GET"]}}],"collection":[{"href":"http:\/\/baredessa.com.ar\/web\/wp-json\/wp\/v2\/pages"}],"about":[{"href":"http:\/\/baredessa.com.ar\/web\/wp-json\/wp\/v2\/types\/page"}],"author":[{"embeddable":true,"href":"http:\/\/baredessa.com.ar\/web\/wp-json\/wp\/v2\/users\/2"}],"replies":[{"embeddable":true,"href":"http:\/\/baredessa.com.ar\/web\/wp-json\/wp\/v2\/comments?post=944"}],"version-history":[{"count":61,"href":"http:\/\/baredessa.com.ar\/web\/wp-json\/wp\/v2\/pages\/944\/revisions"}],"predecessor-version":[{"id":950,"href":"http:\/\/baredessa.com.ar\/web\/wp-json\/wp\/v2\/pages\/944\/revisions\/950"}],"wp:attachment":[{"href":"http:\/\/baredessa.com.ar\/web\/wp-json\/wp\/v2\/media?parent=944"}],"curies":[{"name":"wp","href":"https:\/\/api.w.org\/{rel}","templated":true}]}}